{"id":144,"date":"2022-02-21T16:10:40","date_gmt":"2022-02-21T15:10:40","guid":{"rendered":"https:\/\/www.domainedelavignerie.com\/?page_id=144"},"modified":"2022-02-21T16:10:41","modified_gmt":"2022-02-21T15:10:41","slug":"maison-de-vacances-haut-de-gamme","status":"publish","type":"page","link":"https:\/\/www.domainedelavignerie.com\/index.php\/maison-de-vacances-haut-de-gamme\/","title":{"rendered":"Maison de vacances haut de gamme"},"content":{"rendered":"\n<p>Cette ancienne propri\u00e9t\u00e9 viticole de 300 m2 avec piscine chauff\u00e9e 10 X 5 m sur un parc de 2 hectares, remarquablement r\u00e9nov\u00e9e en 2020, vous offre un confort haut de gamme dans un style ancien avec des \u00e9quipements modernes.<\/p>\n\n\n\n<p>Cette maison d&rsquo;h\u00f4tes dispose de 7 chambres spacieuses avec chacune sa salle de bain et wc privatif. Trois espaces de nuit distincts dont deux au rez  de chauss\u00e9e et une chambre avec son escalier ind\u00e9pendant pour accueillir plusieurs g\u00e9n\u00e9rations<\/p>\n\n\n\n<p>Nature, confort et raffinement :<\/p>\n\n\n\n<p>Tout a \u00e9t\u00e9 pens\u00e9 pour vous assurer le confort et la tranquillit\u00e9 en toute saison.<\/p>\n\n\n\n<p>Retour aux sources, la pierre, le bois ou le fer forg\u00e9 sont les composants de cette maison dans les tons beiges, blancs, gris ou verts pour une atmosph\u00e8re apaisante. Une cuisine ultra moderne et \u00e9quip\u00e9e d&rsquo;ustensiles de qualit\u00e9. <\/p>\n\n\n\n<p>Certaines chambres peuvent \u00eatre modul\u00e9es sur demande pour proposer un couchage twin size. Vous disposez d&rsquo;une literie de qualit\u00e9 h\u00f4teli\u00e8re avec des matelas particuli\u00e8rement \u00e9pais.<\/p>\n\n\n\n<p>Les lits sont faits \u00e0 votre arriv\u00e9e et le linge de toilette et de maison et mis \u00e0 votre disposition. Tous les produits m\u00e9nagers et fond de maison sont fournis.<\/p>\n\n\n\n<p>A l&rsquo;ext\u00e9rieur vous disposez sur le devant de la propri\u00e9t\u00e9 d&rsquo;une table et chaises en teck et d&rsquo;un grand salon de jardin et \u00e0 l&rsquo;arri\u00e8re cot\u00e9 bois une table et chaises en alu pour profiter des premiers rayons de soleil d\u00e8s votre petit d\u00e9jeuner.<\/p>\n\n\n\n<p>Un barbecue est mis \u00e0 votre disposition l&rsquo;\u00e9t\u00e9 et un brasero animera les journ\u00e9es hivernales. Une table de ping pong r\u00e9jouira petits et grands.<\/p>\n\n\n\n<p class=\"has-black-color has-text-color\"><\/p>\n","protected":false},"excerpt":{"rendered":"<p>Cette ancienne propri\u00e9t\u00e9 viticole de 300 m2 avec piscine chauff\u00e9e 10 X 5 m sur un parc de 2 hectares, remarquablement r\u00e9nov\u00e9e en 2020, vous offre un confort haut de &#8230;<\/p>\n","protected":false},"author":1,"featured_media":0,"parent":0,"menu_order":0,"comment_status":"closed","ping_status":"closed","template":"template-fullwidth.php","meta":{"footnotes":""},"class_list":["post-144","page","type-page","status-publish","hentry"],"_links":{"self":[{"href":"https:\/\/www.domainedelavignerie.com\/index.php\/wp-json\/wp\/v2\/pages\/144","targetHints":{"allow":["GET"]}}],"collection":[{"href":"https:\/\/www.domainedelavignerie.com\/index.php\/wp-json\/wp\/v2\/pages"}],"about":[{"href":"https:\/\/www.domainedelavignerie.com\/index.php\/wp-json\/wp\/v2\/types\/page"}],"author":[{"embeddable":true,"href":"https:\/\/www.domainedelavignerie.com\/index.php\/wp-json\/wp\/v2\/users\/1"}],"replies":[{"embeddable":true,"href":"https:\/\/www.domainedelavignerie.com\/index.php\/wp-json\/wp\/v2\/comments?post=144"}],"version-history":[{"count":1,"href":"https:\/\/www.domainedelavignerie.com\/index.php\/wp-json\/wp\/v2\/pages\/144\/revisions"}],"predecessor-version":[{"id":146,"href":"https:\/\/www.domainedelavignerie.com\/index.php\/wp-json\/wp\/v2\/pages\/144\/revisions\/146"}],"wp:attachment":[{"href":"https:\/\/www.domainedelavignerie.com\/index.php\/wp-json\/wp\/v2\/media?parent=144"}],"curies":[{"name":"wp","href":"https:\/\/api.w.org\/{rel}","templated":true}]}}